{"id":4393,"date":"2024-07-16T16:19:13","date_gmt":"2024-07-16T14:19:13","guid":{"rendered":"https:\/\/suessco.com\/proteccion-de-datos\/"},"modified":"2024-07-16T16:19:13","modified_gmt":"2024-07-16T14:19:13","slug":"proteccion-de-datos","status":"publish","type":"page","link":"https:\/\/suessco.com\/es\/proteccion-de-datos\/","title":{"rendered":"Protecci\u00f3n de datos"},"content":{"rendered":"","protected":false},"excerpt":{"rendered":"","protected":false},"author":10,"featured_media":0,"parent":0,"menu_order":0,"comment_status":"closed","ping_status":"closed","template":"","meta":{"footnotes":""},"folder":[27],"class_list":["post-4393","page","type-page","status-publish","hentry"],"yoast_head":"<!-- This site is optimized with the Yoast SEO Premium plugin v25.9 (Yoast SEO v25.9) - https:\/\/yoast.com\/wordpress\/plugins\/seo\/ -->\n<title>Protecci\u00f3n de datos - SuessCo<\/title>\n<meta name=\"description\" content=\"SuessCo Sensors es una empresa innovadora de alta tecnolog\u00eda que utiliza la investigaci\u00f3n universitaria para desarrollar sensores pr\u00e1cticos con IA.\" \/>\n<meta name=\"robots\" content=\"index, follow, max-snippet:-1, max-image-preview:large, max-video-preview:-1\" \/>\n<link rel=\"canonical\" href=\"https:\/\/suessco.com\/es\/proteccion-de-datos\/\" \/>\n<meta property=\"og:locale\" content=\"es_ES\" \/>\n<meta property=\"og:type\" content=\"article\" \/>\n<meta property=\"og:title\" content=\"Protecci\u00f3n de datos\" \/>\n<meta property=\"og:description\" content=\"SuessCo Sensors es una empresa innovadora de alta tecnolog\u00eda que utiliza la investigaci\u00f3n universitaria para desarrollar sensores pr\u00e1cticos con IA.\" \/>\n<meta property=\"og:url\" content=\"https:\/\/suessco.com\/es\/proteccion-de-datos\/\" \/>\n<meta property=\"og:site_name\" content=\"SuessCo\" \/>\n<meta name=\"twitter:card\" content=\"summary_large_image\" \/>\n<script type=\"application\/ld+json\" class=\"yoast-schema-graph\">{\"@context\":\"https:\/\/schema.org\",\"@graph\":[{\"@type\":\"WebPage\",\"@id\":\"https:\/\/suessco.com\/es\/proteccion-de-datos\/\",\"url\":\"https:\/\/suessco.com\/es\/proteccion-de-datos\/\",\"name\":\"Protecci\u00f3n de datos - SuessCo\",\"isPartOf\":{\"@id\":\"https:\/\/suessco.com\/#website\"},\"datePublished\":\"2024-07-16T14:19:13+00:00\",\"description\":\"SuessCo Sensors es una empresa innovadora de alta tecnolog\u00eda que utiliza la investigaci\u00f3n universitaria para desarrollar sensores pr\u00e1cticos con IA.\",\"breadcrumb\":{\"@id\":\"https:\/\/suessco.com\/es\/proteccion-de-datos\/#breadcrumb\"},\"inLanguage\":\"es\",\"potentialAction\":[{\"@type\":\"ReadAction\",\"target\":[\"https:\/\/suessco.com\/es\/proteccion-de-datos\/\"]}]},{\"@type\":\"BreadcrumbList\",\"@id\":\"https:\/\/suessco.com\/es\/proteccion-de-datos\/#breadcrumb\",\"itemListElement\":[{\"@type\":\"ListItem\",\"position\":1,\"name\":\"Startseite\",\"item\":\"https:\/\/suessco.com\/es\/inicio-nuevo\/\"},{\"@type\":\"ListItem\",\"position\":2,\"name\":\"Protecci\u00f3n de datos\"}]},{\"@type\":\"WebSite\",\"@id\":\"https:\/\/suessco.com\/#website\",\"url\":\"https:\/\/suessco.com\/\",\"name\":\"SuessCo Sensors\",\"description\":\"Die 6. Dimension der Sensor-Technologie\",\"publisher\":{\"@id\":\"https:\/\/suessco.com\/#organization\"},\"potentialAction\":[{\"@type\":\"SearchAction\",\"target\":{\"@type\":\"EntryPoint\",\"urlTemplate\":\"https:\/\/suessco.com\/?s={search_term_string}\"},\"query-input\":{\"@type\":\"PropertyValueSpecification\",\"valueRequired\":true,\"valueName\":\"search_term_string\"}}],\"inLanguage\":\"es\"},{\"@type\":\"Organization\",\"@id\":\"https:\/\/suessco.com\/#organization\",\"name\":\"SuessCo Sensores GmbH\",\"url\":\"https:\/\/suessco.com\/\",\"logo\":{\"@type\":\"ImageObject\",\"inLanguage\":\"es\",\"@id\":\"https:\/\/suessco.com\/#\/schema\/logo\/image\/\",\"url\":\"https:\/\/suessco.com\/wp-content\/uploads\/2024\/12\/suessco_logo_blau.jpg\",\"contentUrl\":\"https:\/\/suessco.com\/wp-content\/uploads\/2024\/12\/suessco_logo_blau.jpg\",\"width\":1132,\"height\":195,\"caption\":\"SuessCo Sensores GmbH\"},\"image\":{\"@id\":\"https:\/\/suessco.com\/#\/schema\/logo\/image\/\"}}]}<\/script>\n<!-- \/ Yoast SEO Premium plugin. -->","yoast_head_json":{"title":"Protecci\u00f3n de datos - SuessCo","description":"SuessCo Sensors es una empresa innovadora de alta tecnolog\u00eda que utiliza la investigaci\u00f3n universitaria para desarrollar sensores pr\u00e1cticos con IA.","robots":{"index":"index","follow":"follow","max-snippet":"max-snippet:-1","max-image-preview":"max-image-preview:large","max-video-preview":"max-video-preview:-1"},"canonical":"https:\/\/suessco.com\/es\/proteccion-de-datos\/","og_locale":"es_ES","og_type":"article","og_title":"Protecci\u00f3n de datos","og_description":"SuessCo Sensors es una empresa innovadora de alta tecnolog\u00eda que utiliza la investigaci\u00f3n universitaria para desarrollar sensores pr\u00e1cticos con IA.","og_url":"https:\/\/suessco.com\/es\/proteccion-de-datos\/","og_site_name":"SuessCo","twitter_card":"summary_large_image","schema":{"@context":"https:\/\/schema.org","@graph":[{"@type":"WebPage","@id":"https:\/\/suessco.com\/es\/proteccion-de-datos\/","url":"https:\/\/suessco.com\/es\/proteccion-de-datos\/","name":"Protecci\u00f3n de datos - SuessCo","isPartOf":{"@id":"https:\/\/suessco.com\/#website"},"datePublished":"2024-07-16T14:19:13+00:00","description":"SuessCo Sensors es una empresa innovadora de alta tecnolog\u00eda que utiliza la investigaci\u00f3n universitaria para desarrollar sensores pr\u00e1cticos con IA.","breadcrumb":{"@id":"https:\/\/suessco.com\/es\/proteccion-de-datos\/#breadcrumb"},"inLanguage":"es","potentialAction":[{"@type":"ReadAction","target":["https:\/\/suessco.com\/es\/proteccion-de-datos\/"]}]},{"@type":"BreadcrumbList","@id":"https:\/\/suessco.com\/es\/proteccion-de-datos\/#breadcrumb","itemListElement":[{"@type":"ListItem","position":1,"name":"Startseite","item":"https:\/\/suessco.com\/es\/inicio-nuevo\/"},{"@type":"ListItem","position":2,"name":"Protecci\u00f3n de datos"}]},{"@type":"WebSite","@id":"https:\/\/suessco.com\/#website","url":"https:\/\/suessco.com\/","name":"SuessCo Sensors","description":"Die 6. Dimension der Sensor-Technologie","publisher":{"@id":"https:\/\/suessco.com\/#organization"},"potentialAction":[{"@type":"SearchAction","target":{"@type":"EntryPoint","urlTemplate":"https:\/\/suessco.com\/?s={search_term_string}"},"query-input":{"@type":"PropertyValueSpecification","valueRequired":true,"valueName":"search_term_string"}}],"inLanguage":"es"},{"@type":"Organization","@id":"https:\/\/suessco.com\/#organization","name":"SuessCo Sensores GmbH","url":"https:\/\/suessco.com\/","logo":{"@type":"ImageObject","inLanguage":"es","@id":"https:\/\/suessco.com\/#\/schema\/logo\/image\/","url":"https:\/\/suessco.com\/wp-content\/uploads\/2024\/12\/suessco_logo_blau.jpg","contentUrl":"https:\/\/suessco.com\/wp-content\/uploads\/2024\/12\/suessco_logo_blau.jpg","width":1132,"height":195,"caption":"SuessCo Sensores GmbH"},"image":{"@id":"https:\/\/suessco.com\/#\/schema\/logo\/image\/"}}]}},"_links":{"self":[{"href":"https:\/\/suessco.com\/es\/wp-json\/wp\/v2\/pages\/4393","targetHints":{"allow":["GET"]}}],"collection":[{"href":"https:\/\/suessco.com\/es\/wp-json\/wp\/v2\/pages"}],"about":[{"href":"https:\/\/suessco.com\/es\/wp-json\/wp\/v2\/types\/page"}],"author":[{"embeddable":true,"href":"https:\/\/suessco.com\/es\/wp-json\/wp\/v2\/users\/10"}],"replies":[{"embeddable":true,"href":"https:\/\/suessco.com\/es\/wp-json\/wp\/v2\/comments?post=4393"}],"version-history":[{"count":0,"href":"https:\/\/suessco.com\/es\/wp-json\/wp\/v2\/pages\/4393\/revisions"}],"wp:attachment":[{"href":"https:\/\/suessco.com\/es\/wp-json\/wp\/v2\/media?parent=4393"}],"wp:term":[{"taxonomy":"folder","embeddable":true,"href":"https:\/\/suessco.com\/es\/wp-json\/wp\/v2\/folder?post=4393"}],"curies":[{"name":"wp","href":"https:\/\/api.w.org\/{rel}","templated":true}]}}