{"id":4411,"date":"2024-12-14T18:59:20","date_gmt":"2024-12-14T17:59:20","guid":{"rendered":"https:\/\/suessco.com\/sobre-nosotros\/"},"modified":"2025-09-15T11:10:54","modified_gmt":"2025-09-15T09:10:54","slug":"sobre-nosotros","status":"publish","type":"page","link":"https:\/\/suessco.com\/es\/sobre-nosotros\/","title":{"rendered":"Sobre nosotros"},"content":{"rendered":"","protected":false},"excerpt":{"rendered":"","protected":false},"author":13,"featured_media":4412,"parent":0,"menu_order":1,"comment_status":"closed","ping_status":"closed","template":"","meta":{"footnotes":""},"folder":[31],"class_list":["post-4411","page","type-page","status-publish","has-post-thumbnail","hentry"],"yoast_head":"<!-- This site is optimized with the Yoast SEO Premium plugin v25.9 (Yoast SEO v25.9) - https:\/\/yoast.com\/wordpress\/plugins\/seo\/ -->\n<title>Innovadora tecnolog\u00eda de sensores desarrollada por SuessCo Sensors<\/title>\n<meta name=\"description\" content=\"Innovadora tecnolog\u00eda de sensores de SuessCo Sensors - conoce al equipo de SuessCo y descubre nuestros sensores de alta tecnolog\u00eda\" \/>\n<meta name=\"robots\" content=\"index, follow, max-snippet:-1, max-image-preview:large, max-video-preview:-1\" \/>\n<link rel=\"canonical\" href=\"https:\/\/suessco.com\/es\/sobre-nosotros\/\" \/>\n<meta property=\"og:locale\" content=\"es_ES\" \/>\n<meta property=\"og:type\" content=\"article\" \/>\n<meta property=\"og:title\" content=\"Sobre nosotros\" \/>\n<meta property=\"og:description\" content=\"Innovadora tecnolog\u00eda de sensores de SuessCo Sensors - conoce al equipo de SuessCo y descubre nuestros sensores de alta tecnolog\u00eda\" \/>\n<meta property=\"og:url\" content=\"https:\/\/suessco.com\/es\/sobre-nosotros\/\" \/>\n<meta property=\"og:site_name\" content=\"SuessCo\" \/>\n<meta property=\"article:modified_time\" content=\"2025-09-15T09:10:54+00:00\" \/>\n<meta property=\"og:image\" content=\"https:\/\/suessco.com\/wp-content\/uploads\/2024\/12\/3D-achen-standardansicht-1024x987.png\" \/>\n\t<meta property=\"og:image:width\" content=\"1024\" \/>\n\t<meta property=\"og:image:height\" content=\"987\" \/>\n\t<meta property=\"og:image:type\" content=\"image\/png\" \/>\n<meta name=\"twitter:card\" content=\"summary_large_image\" \/>\n<script type=\"application\/ld+json\" class=\"yoast-schema-graph\">{\"@context\":\"https:\/\/schema.org\",\"@graph\":[{\"@type\":\"WebPage\",\"@id\":\"https:\/\/suessco.com\/es\/sobre-nosotros\/\",\"url\":\"https:\/\/suessco.com\/es\/sobre-nosotros\/\",\"name\":\"Innovadora tecnolog\u00eda de sensores desarrollada por SuessCo Sensors\",\"isPartOf\":{\"@id\":\"https:\/\/suessco.com\/#website\"},\"primaryImageOfPage\":{\"@id\":\"https:\/\/suessco.com\/es\/sobre-nosotros\/#primaryimage\"},\"image\":{\"@id\":\"https:\/\/suessco.com\/es\/sobre-nosotros\/#primaryimage\"},\"thumbnailUrl\":\"https:\/\/suessco.com\/wp-content\/uploads\/2024\/12\/3D-achen-standardansicht.png\",\"datePublished\":\"2024-12-14T17:59:20+00:00\",\"dateModified\":\"2025-09-15T09:10:54+00:00\",\"description\":\"Innovadora tecnolog\u00eda de sensores de SuessCo Sensors - conoce al equipo de SuessCo y descubre nuestros sensores de alta tecnolog\u00eda\",\"breadcrumb\":{\"@id\":\"https:\/\/suessco.com\/es\/sobre-nosotros\/#breadcrumb\"},\"inLanguage\":\"es\",\"potentialAction\":[{\"@type\":\"ReadAction\",\"target\":[\"https:\/\/suessco.com\/es\/sobre-nosotros\/\"]}]},{\"@type\":\"ImageObject\",\"inLanguage\":\"es\",\"@id\":\"https:\/\/suessco.com\/es\/sobre-nosotros\/#primaryimage\",\"url\":\"https:\/\/suessco.com\/wp-content\/uploads\/2024\/12\/3D-achen-standardansicht.png\",\"contentUrl\":\"https:\/\/suessco.com\/wp-content\/uploads\/2024\/12\/3D-achen-standardansicht.png\",\"width\":2061,\"height\":1986},{\"@type\":\"BreadcrumbList\",\"@id\":\"https:\/\/suessco.com\/es\/sobre-nosotros\/#breadcrumb\",\"itemListElement\":[{\"@type\":\"ListItem\",\"position\":1,\"name\":\"Startseite\",\"item\":\"https:\/\/suessco.com\/es\/inicio-nuevo\/\"},{\"@type\":\"ListItem\",\"position\":2,\"name\":\"Sobre nosotros\"}]},{\"@type\":\"WebSite\",\"@id\":\"https:\/\/suessco.com\/#website\",\"url\":\"https:\/\/suessco.com\/\",\"name\":\"SuessCo Sensors\",\"description\":\"Die 6. Dimension der Sensor-Technologie\",\"publisher\":{\"@id\":\"https:\/\/suessco.com\/#organization\"},\"potentialAction\":[{\"@type\":\"SearchAction\",\"target\":{\"@type\":\"EntryPoint\",\"urlTemplate\":\"https:\/\/suessco.com\/?s={search_term_string}\"},\"query-input\":{\"@type\":\"PropertyValueSpecification\",\"valueRequired\":true,\"valueName\":\"search_term_string\"}}],\"inLanguage\":\"es\"},{\"@type\":\"Organization\",\"@id\":\"https:\/\/suessco.com\/#organization\",\"name\":\"SuessCo Sensores GmbH\",\"url\":\"https:\/\/suessco.com\/\",\"logo\":{\"@type\":\"ImageObject\",\"inLanguage\":\"es\",\"@id\":\"https:\/\/suessco.com\/#\/schema\/logo\/image\/\",\"url\":\"https:\/\/suessco.com\/wp-content\/uploads\/2024\/12\/suessco_logo_blau.jpg\",\"contentUrl\":\"https:\/\/suessco.com\/wp-content\/uploads\/2024\/12\/suessco_logo_blau.jpg\",\"width\":1132,\"height\":195,\"caption\":\"SuessCo Sensores GmbH\"},\"image\":{\"@id\":\"https:\/\/suessco.com\/#\/schema\/logo\/image\/\"}}]}<\/script>\n<!-- \/ Yoast SEO Premium plugin. -->","yoast_head_json":{"title":"Innovadora tecnolog\u00eda de sensores desarrollada por SuessCo Sensors","description":"Innovadora tecnolog\u00eda de sensores de SuessCo Sensors - conoce al equipo de SuessCo y descubre nuestros sensores de alta tecnolog\u00eda","robots":{"index":"index","follow":"follow","max-snippet":"max-snippet:-1","max-image-preview":"max-image-preview:large","max-video-preview":"max-video-preview:-1"},"canonical":"https:\/\/suessco.com\/es\/sobre-nosotros\/","og_locale":"es_ES","og_type":"article","og_title":"Sobre nosotros","og_description":"Innovadora tecnolog\u00eda de sensores de SuessCo Sensors - conoce al equipo de SuessCo y descubre nuestros sensores de alta tecnolog\u00eda","og_url":"https:\/\/suessco.com\/es\/sobre-nosotros\/","og_site_name":"SuessCo","article_modified_time":"2025-09-15T09:10:54+00:00","og_image":[{"width":1024,"height":987,"url":"https:\/\/suessco.com\/wp-content\/uploads\/2024\/12\/3D-achen-standardansicht-1024x987.png","type":"image\/png"}],"twitter_card":"summary_large_image","schema":{"@context":"https:\/\/schema.org","@graph":[{"@type":"WebPage","@id":"https:\/\/suessco.com\/es\/sobre-nosotros\/","url":"https:\/\/suessco.com\/es\/sobre-nosotros\/","name":"Innovadora tecnolog\u00eda de sensores desarrollada por SuessCo Sensors","isPartOf":{"@id":"https:\/\/suessco.com\/#website"},"primaryImageOfPage":{"@id":"https:\/\/suessco.com\/es\/sobre-nosotros\/#primaryimage"},"image":{"@id":"https:\/\/suessco.com\/es\/sobre-nosotros\/#primaryimage"},"thumbnailUrl":"https:\/\/suessco.com\/wp-content\/uploads\/2024\/12\/3D-achen-standardansicht.png","datePublished":"2024-12-14T17:59:20+00:00","dateModified":"2025-09-15T09:10:54+00:00","description":"Innovadora tecnolog\u00eda de sensores de SuessCo Sensors - conoce al equipo de SuessCo y descubre nuestros sensores de alta tecnolog\u00eda","breadcrumb":{"@id":"https:\/\/suessco.com\/es\/sobre-nosotros\/#breadcrumb"},"inLanguage":"es","potentialAction":[{"@type":"ReadAction","target":["https:\/\/suessco.com\/es\/sobre-nosotros\/"]}]},{"@type":"ImageObject","inLanguage":"es","@id":"https:\/\/suessco.com\/es\/sobre-nosotros\/#primaryimage","url":"https:\/\/suessco.com\/wp-content\/uploads\/2024\/12\/3D-achen-standardansicht.png","contentUrl":"https:\/\/suessco.com\/wp-content\/uploads\/2024\/12\/3D-achen-standardansicht.png","width":2061,"height":1986},{"@type":"BreadcrumbList","@id":"https:\/\/suessco.com\/es\/sobre-nosotros\/#breadcrumb","itemListElement":[{"@type":"ListItem","position":1,"name":"Startseite","item":"https:\/\/suessco.com\/es\/inicio-nuevo\/"},{"@type":"ListItem","position":2,"name":"Sobre nosotros"}]},{"@type":"WebSite","@id":"https:\/\/suessco.com\/#website","url":"https:\/\/suessco.com\/","name":"SuessCo Sensors","description":"Die 6. Dimension der Sensor-Technologie","publisher":{"@id":"https:\/\/suessco.com\/#organization"},"potentialAction":[{"@type":"SearchAction","target":{"@type":"EntryPoint","urlTemplate":"https:\/\/suessco.com\/?s={search_term_string}"},"query-input":{"@type":"PropertyValueSpecification","valueRequired":true,"valueName":"search_term_string"}}],"inLanguage":"es"},{"@type":"Organization","@id":"https:\/\/suessco.com\/#organization","name":"SuessCo Sensores GmbH","url":"https:\/\/suessco.com\/","logo":{"@type":"ImageObject","inLanguage":"es","@id":"https:\/\/suessco.com\/#\/schema\/logo\/image\/","url":"https:\/\/suessco.com\/wp-content\/uploads\/2024\/12\/suessco_logo_blau.jpg","contentUrl":"https:\/\/suessco.com\/wp-content\/uploads\/2024\/12\/suessco_logo_blau.jpg","width":1132,"height":195,"caption":"SuessCo Sensores GmbH"},"image":{"@id":"https:\/\/suessco.com\/#\/schema\/logo\/image\/"}}]}},"_links":{"self":[{"href":"https:\/\/suessco.com\/es\/wp-json\/wp\/v2\/pages\/4411","targetHints":{"allow":["GET"]}}],"collection":[{"href":"https:\/\/suessco.com\/es\/wp-json\/wp\/v2\/pages"}],"about":[{"href":"https:\/\/suessco.com\/es\/wp-json\/wp\/v2\/types\/page"}],"author":[{"embeddable":true,"href":"https:\/\/suessco.com\/es\/wp-json\/wp\/v2\/users\/13"}],"replies":[{"embeddable":true,"href":"https:\/\/suessco.com\/es\/wp-json\/wp\/v2\/comments?post=4411"}],"version-history":[{"count":1,"href":"https:\/\/suessco.com\/es\/wp-json\/wp\/v2\/pages\/4411\/revisions"}],"predecessor-version":[{"id":4570,"href":"https:\/\/suessco.com\/es\/wp-json\/wp\/v2\/pages\/4411\/revisions\/4570"}],"wp:featuredmedia":[{"embeddable":true,"href":"https:\/\/suessco.com\/es\/wp-json\/wp\/v2\/media\/4412"}],"wp:attachment":[{"href":"https:\/\/suessco.com\/es\/wp-json\/wp\/v2\/media?parent=4411"}],"wp:term":[{"taxonomy":"folder","embeddable":true,"href":"https:\/\/suessco.com\/es\/wp-json\/wp\/v2\/folder?post=4411"}],"curies":[{"name":"wp","href":"https:\/\/api.w.org\/{rel}","templated":true}]}}