{"id":4438,"date":"2022-04-29T08:31:44","date_gmt":"2022-04-29T06:31:44","guid":{"rendered":"https:\/\/suessco.com\/contacta-con-nosotros\/"},"modified":"2022-04-29T08:31:44","modified_gmt":"2022-04-29T06:31:44","slug":"contacta-con-nosotros","status":"publish","type":"page","link":"https:\/\/suessco.com\/es\/contacta-con-nosotros\/","title":{"rendered":"Contacta con nosotros"},"content":{"rendered":"","protected":false},"excerpt":{"rendered":"","protected":false},"author":2,"featured_media":0,"parent":0,"menu_order":0,"comment_status":"closed","ping_status":"closed","template":"","meta":{"footnotes":""},"folder":[27],"class_list":["post-4438","page","type-page","status-publish","hentry"],"yoast_head":"<!-- This site is optimized with the Yoast SEO Premium plugin v25.9 (Yoast SEO v25.9) - https:\/\/yoast.com\/wordpress\/plugins\/seo\/ -->\n<title>Contacta con nosotros - SuessCo<\/title>\n<meta name=\"description\" content=\"Bas\u00e1ndose en la tecnolog\u00eda de campos magn\u00e9ticos, SuessCo desarrolla sensores innovadores para la vigilancia digital, por ejemplo, de grietas y puentes.\" \/>\n<meta name=\"robots\" content=\"index, follow, max-snippet:-1, max-image-preview:large, max-video-preview:-1\" \/>\n<link rel=\"canonical\" href=\"https:\/\/suessco.com\/es\/contacta-con-nosotros\/\" \/>\n<meta property=\"og:locale\" content=\"es_ES\" \/>\n<meta property=\"og:type\" content=\"article\" \/>\n<meta property=\"og:title\" content=\"Contacta con nosotros\" \/>\n<meta property=\"og:description\" content=\"Bas\u00e1ndose en la tecnolog\u00eda de campos magn\u00e9ticos, SuessCo desarrolla sensores innovadores para la vigilancia digital, por ejemplo, de grietas y puentes.\" \/>\n<meta property=\"og:url\" content=\"https:\/\/suessco.com\/es\/contacta-con-nosotros\/\" \/>\n<meta property=\"og:site_name\" content=\"SuessCo\" \/>\n<meta name=\"twitter:card\" content=\"summary_large_image\" \/>\n<script type=\"application\/ld+json\" class=\"yoast-schema-graph\">{\"@context\":\"https:\/\/schema.org\",\"@graph\":[{\"@type\":\"WebPage\",\"@id\":\"https:\/\/suessco.com\/es\/contacta-con-nosotros\/\",\"url\":\"https:\/\/suessco.com\/es\/contacta-con-nosotros\/\",\"name\":\"Contacta con nosotros - SuessCo\",\"isPartOf\":{\"@id\":\"https:\/\/suessco.com\/#website\"},\"datePublished\":\"2022-04-29T06:31:44+00:00\",\"description\":\"Bas\u00e1ndose en la tecnolog\u00eda de campos magn\u00e9ticos, SuessCo desarrolla sensores innovadores para la vigilancia digital, por ejemplo, de grietas y puentes.\",\"breadcrumb\":{\"@id\":\"https:\/\/suessco.com\/es\/contacta-con-nosotros\/#breadcrumb\"},\"inLanguage\":\"es\",\"potentialAction\":[{\"@type\":\"ReadAction\",\"target\":[\"https:\/\/suessco.com\/es\/contacta-con-nosotros\/\"]}]},{\"@type\":\"BreadcrumbList\",\"@id\":\"https:\/\/suessco.com\/es\/contacta-con-nosotros\/#breadcrumb\",\"itemListElement\":[{\"@type\":\"ListItem\",\"position\":1,\"name\":\"Startseite\",\"item\":\"https:\/\/suessco.com\/es\/inicio-nuevo\/\"},{\"@type\":\"ListItem\",\"position\":2,\"name\":\"Contacta con nosotros\"}]},{\"@type\":\"WebSite\",\"@id\":\"https:\/\/suessco.com\/#website\",\"url\":\"https:\/\/suessco.com\/\",\"name\":\"SuessCo Sensors\",\"description\":\"Die 6. Dimension der Sensor-Technologie\",\"publisher\":{\"@id\":\"https:\/\/suessco.com\/#organization\"},\"potentialAction\":[{\"@type\":\"SearchAction\",\"target\":{\"@type\":\"EntryPoint\",\"urlTemplate\":\"https:\/\/suessco.com\/?s={search_term_string}\"},\"query-input\":{\"@type\":\"PropertyValueSpecification\",\"valueRequired\":true,\"valueName\":\"search_term_string\"}}],\"inLanguage\":\"es\"},{\"@type\":\"Organization\",\"@id\":\"https:\/\/suessco.com\/#organization\",\"name\":\"SuessCo Sensores GmbH\",\"url\":\"https:\/\/suessco.com\/\",\"logo\":{\"@type\":\"ImageObject\",\"inLanguage\":\"es\",\"@id\":\"https:\/\/suessco.com\/#\/schema\/logo\/image\/\",\"url\":\"https:\/\/suessco.com\/wp-content\/uploads\/2024\/12\/suessco_logo_blau.jpg\",\"contentUrl\":\"https:\/\/suessco.com\/wp-content\/uploads\/2024\/12\/suessco_logo_blau.jpg\",\"width\":1132,\"height\":195,\"caption\":\"SuessCo Sensores GmbH\"},\"image\":{\"@id\":\"https:\/\/suessco.com\/#\/schema\/logo\/image\/\"}}]}<\/script>\n<!-- \/ Yoast SEO Premium plugin. -->","yoast_head_json":{"title":"Contacta con nosotros - SuessCo","description":"Bas\u00e1ndose en la tecnolog\u00eda de campos magn\u00e9ticos, SuessCo desarrolla sensores innovadores para la vigilancia digital, por ejemplo, de grietas y puentes.","robots":{"index":"index","follow":"follow","max-snippet":"max-snippet:-1","max-image-preview":"max-image-preview:large","max-video-preview":"max-video-preview:-1"},"canonical":"https:\/\/suessco.com\/es\/contacta-con-nosotros\/","og_locale":"es_ES","og_type":"article","og_title":"Contacta con nosotros","og_description":"Bas\u00e1ndose en la tecnolog\u00eda de campos magn\u00e9ticos, SuessCo desarrolla sensores innovadores para la vigilancia digital, por ejemplo, de grietas y puentes.","og_url":"https:\/\/suessco.com\/es\/contacta-con-nosotros\/","og_site_name":"SuessCo","twitter_card":"summary_large_image","schema":{"@context":"https:\/\/schema.org","@graph":[{"@type":"WebPage","@id":"https:\/\/suessco.com\/es\/contacta-con-nosotros\/","url":"https:\/\/suessco.com\/es\/contacta-con-nosotros\/","name":"Contacta con nosotros - SuessCo","isPartOf":{"@id":"https:\/\/suessco.com\/#website"},"datePublished":"2022-04-29T06:31:44+00:00","description":"Bas\u00e1ndose en la tecnolog\u00eda de campos magn\u00e9ticos, SuessCo desarrolla sensores innovadores para la vigilancia digital, por ejemplo, de grietas y puentes.","breadcrumb":{"@id":"https:\/\/suessco.com\/es\/contacta-con-nosotros\/#breadcrumb"},"inLanguage":"es","potentialAction":[{"@type":"ReadAction","target":["https:\/\/suessco.com\/es\/contacta-con-nosotros\/"]}]},{"@type":"BreadcrumbList","@id":"https:\/\/suessco.com\/es\/contacta-con-nosotros\/#breadcrumb","itemListElement":[{"@type":"ListItem","position":1,"name":"Startseite","item":"https:\/\/suessco.com\/es\/inicio-nuevo\/"},{"@type":"ListItem","position":2,"name":"Contacta con nosotros"}]},{"@type":"WebSite","@id":"https:\/\/suessco.com\/#website","url":"https:\/\/suessco.com\/","name":"SuessCo Sensors","description":"Die 6. Dimension der Sensor-Technologie","publisher":{"@id":"https:\/\/suessco.com\/#organization"},"potentialAction":[{"@type":"SearchAction","target":{"@type":"EntryPoint","urlTemplate":"https:\/\/suessco.com\/?s={search_term_string}"},"query-input":{"@type":"PropertyValueSpecification","valueRequired":true,"valueName":"search_term_string"}}],"inLanguage":"es"},{"@type":"Organization","@id":"https:\/\/suessco.com\/#organization","name":"SuessCo Sensores GmbH","url":"https:\/\/suessco.com\/","logo":{"@type":"ImageObject","inLanguage":"es","@id":"https:\/\/suessco.com\/#\/schema\/logo\/image\/","url":"https:\/\/suessco.com\/wp-content\/uploads\/2024\/12\/suessco_logo_blau.jpg","contentUrl":"https:\/\/suessco.com\/wp-content\/uploads\/2024\/12\/suessco_logo_blau.jpg","width":1132,"height":195,"caption":"SuessCo Sensores GmbH"},"image":{"@id":"https:\/\/suessco.com\/#\/schema\/logo\/image\/"}}]}},"_links":{"self":[{"href":"https:\/\/suessco.com\/es\/wp-json\/wp\/v2\/pages\/4438","targetHints":{"allow":["GET"]}}],"collection":[{"href":"https:\/\/suessco.com\/es\/wp-json\/wp\/v2\/pages"}],"about":[{"href":"https:\/\/suessco.com\/es\/wp-json\/wp\/v2\/types\/page"}],"author":[{"embeddable":true,"href":"https:\/\/suessco.com\/es\/wp-json\/wp\/v2\/users\/2"}],"replies":[{"embeddable":true,"href":"https:\/\/suessco.com\/es\/wp-json\/wp\/v2\/comments?post=4438"}],"version-history":[{"count":0,"href":"https:\/\/suessco.com\/es\/wp-json\/wp\/v2\/pages\/4438\/revisions"}],"wp:attachment":[{"href":"https:\/\/suessco.com\/es\/wp-json\/wp\/v2\/media?parent=4438"}],"wp:term":[{"taxonomy":"folder","embeddable":true,"href":"https:\/\/suessco.com\/es\/wp-json\/wp\/v2\/folder?post=4438"}],"curies":[{"name":"wp","href":"https:\/\/api.w.org\/{rel}","templated":true}]}}